{"id":37,"date":"2017-06-19T11:11:52","date_gmt":"2017-06-19T11:11:52","guid":{"rendered":"http:\/\/puzzlerbox.com\/photography-wordpress-theme-iso50\/creative\/?page_id=37"},"modified":"2024-07-25T21:42:07","modified_gmt":"2024-07-25T19:42:07","slug":"about","status":"publish","type":"page","link":"https:\/\/alainmontel.pro\/index.php\/about\/","title":{"rendered":"About"},"content":{"rendered":"<div class=\"wpb-content-wrapper\"><p>[vc_row full_width=&#8221;stretch_row&#8221; row_height=&#8221;dynamic&#8221; row_dynamic_height=&#8221;65&#8243; css=&#8221;.vc_custom_1721681948466{background-image: url(https:\/\/alainmontel.pro\/wp-content\/uploads\/2024\/07\/IMG_7206-scaled.jpg?id=781) !important;background-position: center !important;background-repeat: no-repeat !important;background-size: cover !important;}&#8221;][vc_column][\/vc_column][\/vc_row][vc_row css_padding=&#8221;80:30::::::::::::::&#8221;][vc_column][vc_custom_heading text=&#8221;Voyage Paradoxal.<br \/>\nDe l&#8217;Inspiration \u00e0 l&#8217;Instantan\u00e9.&#8221; google_fonts=&#8221;font_family:Playfair%20Display%3Aregular%2Citalic%2C700%2C700italic%2C900%2C900italic|font_style:400%20regular%3A400%3Anormal&#8221; font_container=&#8221;tag:h2|font_size:35|text_align:left|line_height:1.3&#8243; max_width=&#8221;600&#8243;][\/vc_column][\/vc_row][vc_row css=&#8221;.vc_custom_1498142523575{margin-bottom: 60px !important;}&#8221;][vc_column width=&#8221;1\/2&#8243; css=&#8221;.vc_custom_1721680114390{border-right-width: 40px !important;}&#8221;][vc_column_text css_tabs=&#8221;&#8221;]Mon voyage dans les mondes de l&#8217;image commence dans les salles illumin\u00e9es des institutions acad\u00e9miques, l\u00e0 o\u00f9 l&#8217;on apprend que tenir un pinceau comme une baguette magique ne vous transformera pas en artiste du jour au lendemain. J&#8217;ai d\u00e9but\u00e9 par des \u00e9tudes en graphisme et en photographie publicitaire, cherchant \u00e0 ma\u00eetriser les techniques et les nuances, mais aussi \u00e0 comprendre tr\u00e8s vite que le caf\u00e9 serait mon meilleur alli\u00e9. Le chemin m&#8217;a ensuite conduit \u00e0 faire une premi\u00e8re ann\u00e9e des Beaux-Arts de Paris, o\u00f9 j&#8217;ai affin\u00e9 mon regard et approfondi ma compr\u00e9hension des formes et des couleurs. Pour compl\u00e9ter cette formation, j&#8217;ai explor\u00e9 les m\u00e9andres de l&#8217;histoire de l&#8217;art en facult\u00e9, d\u00e9couvrant les grands ma\u00eetres et les mouvements qui ont fa\u00e7onn\u00e9 notre perception de la beaut\u00e9 et de l&#8217;expression. Ah, et aussi comment prononcer &#8220;Caravaggio&#8221; correctement.<\/p>\n<p>Apr\u00e8s cette p\u00e9riode d&#8217;apprentissage et d&#8217;ingestion excessive de caf\u00e9ine, ma carri\u00e8re professionnelle a pris son envol. J&#8217;ai d\u00e9but\u00e9 en tant que directeur artistique, un r\u00f4le qui m&#8217;a permis de mettre \u00e0 l&#8217;\u00e9preuve mes comp\u00e9tences techniques avec une vision cr\u00e9ative en constante \u00e9volution. L&#8217;\u00e9volution naturelle m&#8217;a conduit \u00e0 devenir directeur de cr\u00e9ation publicitaire, un poste sous lequel j&#8217;ai pu collaborer avec certains des photographes europ\u00e9ens les plus renomm\u00e9s. Ensemble, nous avons cr\u00e9\u00e9 des visuels qui ont marqu\u00e9 les esprits et parfois d\u00e9fini des tendances, tout en me laissant un quota de crises de nerfs sur les deadlines \u00e0 respecter.[\/vc_column_text][\/vc_column][vc_column width=&#8221;1\/2&#8243;][vc_column_text css_tabs=&#8221;&#8221;]&nbsp;<\/p>\n<p>Depuis toujours, je suis anim\u00e9 par une passion profonde pour l&#8217;image et les arts visuels. Bien que les avanc\u00e9es technologiques m&#8217;aient conduit \u00e0 utiliser l&#8217;intelligence artificielle pour concevoir certaines images publicitaires (et accessoirement tenter de cr\u00e9er un robot qui puisse me servir un expresso), je souligne que les photographies pr\u00e9sent\u00e9es sur ce site sont enti\u00e8rement naturelles. Chaque clich\u00e9 est un instant captur\u00e9 sans pr\u00e9paration ni retouche, une fraction de temps fig\u00e9e telle quelle. Ces moments, immortalis\u00e9s lors de mes nombreux voyages, que ce soit au coin de ma rue ou \u00e0 l&#8217;autre bout du monde, refl\u00e8tent ma qu\u00eate incessante de l&#8217;image absolue. Autant dire que \u00e7a n&#8217;arrivera jamais et tant mieux finalement. On s&#8217;extasie facilement de la derni\u00e8re image r\u00e9ussie, un cadrage, un rayon de lumi\u00e8re qui s&#8217;invite au dernier moment,<\/p>\n<p>Mon appareil photo est mon fid\u00e8le compagnon, me permettant de saisir la beaut\u00e9 brute et authentique du monde qui m&#8217;entoure. \u00c0 travers ce portfolio, je vous invite \u00e0 d\u00e9couvrir ma vision, mes inspirations et les fragments de vie que j&#8217;ai eu le privil\u00e8ge de capturer. Et si jamais vous vous demandez ce qui se passe derri\u00e8re chaque image, sachez que c&#8217;est probablement une combinaison de passion, de chance, et de beaucoup de prises rat\u00e9es. Mais apr\u00e8s tout, c&#8217;est aussi \u00e7a, la magie.[\/vc_column_text][\/vc_column][\/vc_row][vc_row gap=&#8221;0&#8243; csd_animation=&#8221;transition.fadeIn&#8221;][vc_column width=&#8221;1\/4&#8243;][vc_single_image image=&#8221;600&#8243; description_text=&#8221;Photographe \/ Photograph&#8221;][\/vc_column][vc_column width=&#8221;1\/4&#8243;][vc_single_image image=&#8221;601&#8243; description_text=&#8221;Directeur de cr\u00e9ation \/ Creative Director&#8221;][\/vc_column][vc_column width=&#8221;1\/4&#8243;][vc_single_image image=&#8221;603&#8243; description_text=&#8221;Expert ERI SDIS 76&#8243;][\/vc_column][vc_column width=&#8221;1\/4&#8243;][vc_single_image image=&#8221;190&#8243; description_text=&#8221;Jay X \/ Principal&#8221;][\/vc_column][\/vc_row][vc_row css_padding=&#8221;60:40::::::::::::::&#8221;][vc_column width=&#8221;3\/4&#8243;][vc_custom_heading text=&#8221;Our clients trust our team and approach with solving important problems for their users.&#8221; google_fonts=&#8221;font_family:Playfair%20Display%3Aregular%2Citalic%2C700%2C700italic%2C900%2C900italic|font_style:400%20regular%3A400%3Anormal&#8221; font_container=&#8221;tag:h2|font_size:35|text_align:left|line_height:1.3&#8243; max_width=&#8221;500&#8243;][rdy_client_list style=&#8221;column&#8221; column=&#8221;5&#8243; gutter_space=&#8221;25&#8243; include=&#8221;166,159,160,161,164,165,168,169,167,170,171,163,172&#8243;][\/vc_column][\/vc_row][vc_row][vc_column][vc_custom_heading text=&#8221;Life on Instagram&#8221; google_fonts=&#8221;font_family:Playfair%20Display%3Aregular%2Citalic%2C700%2C700italic%2C900%2C900italic|font_style:400%20regular%3A400%3Anormal&#8221; font_container=&#8221;tag:h2|font_size:35|text_align:left|line_height:1.3&#8243; css_padding=&#8221;:60::::60::::40::::30::&#8221; max_width=&#8221;500&#8243;][rdy_instagram username=&#8221;awwwards&#8221; columns=&#8221;5&#8243; images_number=&#8221;15&#8243; hover_type=&#8221;&#8221; use_metadata=&#8221;true&#8221; use_overlay=&#8221;true&#8221; overlay_color=&#8221;rgba(0,0,0,0.5)&#8221;][\/vc_column][\/vc_row]<\/p>\n<\/div>","protected":false},"excerpt":{"rendered":"<p>[vc_row full_width=&#8221;stretch_row&#8221; row_height=&#8221;dynamic&#8221; row_dynamic_height=&#8221;65&#8243; css=&#8221;.vc_custom_1721681948466{background-image: url(https:\/\/alainmontel.pro\/wp-content\/uploads\/2024\/07\/IMG_7206-scaled.jpg?id=781) !important;background-position: center !important;background-repeat: no-repeat !important;background-size: cover !important;}&#8221;][vc_column][\/vc_column][\/vc_row][vc_row css_padding=&#8221;80:30::::::::::::::&#8221;][vc_column][vc_custom_heading text=&#8221;Voyage Paradoxal. De l&#8217;Inspiration \u00e0 l&#8217;Instantan\u00e9.&#8221; google_fonts=&#8221;font_family:Playfair%20Display%3Aregular%2Citalic%2C700%2C700italic%2C900%2C900italic|font_style:400%20regular%3A400%3Anormal&#8221; font_container=&#8221;tag:h2|font_size:35|text_align:left|line_height:1.3&#8243; max_width=&#8221;600&#8243;][\/vc_column][\/vc_row][vc_row css=&#8221;.vc_custom_1498142523575{margin-bottom: 60px !important;}&#8221;][vc_column width=&#8221;1\/2&#8243; css=&#8221;.vc_custom_1721680114390{border-right-width: 40px !important;}&#8221;][vc_column_text css_tabs=&#8221;&#8221;]Mon voyage dans les mondes de l&#8217;image commence dans les salles illumin\u00e9es des institutions acad\u00e9miques, l\u00e0 o\u00f9 l&#8217;on apprend que tenir un pinceau comme une [&hellip;]<\/p>\n","protected":false},"author":1,"featured_media":0,"parent":0,"menu_order":0,"comment_status":"closed","ping_status":"closed","template":"","meta":{"footnotes":""},"class_list":["post-37","page","type-page","status-publish","hentry"],"_links":{"self":[{"href":"https:\/\/alainmontel.pro\/index.php\/wp-json\/wp\/v2\/pages\/37","targetHints":{"allow":["GET"]}}],"collection":[{"href":"https:\/\/alainmontel.pro\/index.php\/wp-json\/wp\/v2\/pages"}],"about":[{"href":"https:\/\/alainmontel.pro\/index.php\/wp-json\/wp\/v2\/types\/page"}],"author":[{"embeddable":true,"href":"https:\/\/alainmontel.pro\/index.php\/wp-json\/wp\/v2\/users\/1"}],"replies":[{"embeddable":true,"href":"https:\/\/alainmontel.pro\/index.php\/wp-json\/wp\/v2\/comments?post=37"}],"version-history":[{"count":10,"href":"https:\/\/alainmontel.pro\/index.php\/wp-json\/wp\/v2\/pages\/37\/revisions"}],"predecessor-version":[{"id":794,"href":"https:\/\/alainmontel.pro\/index.php\/wp-json\/wp\/v2\/pages\/37\/revisions\/794"}],"wp:attachment":[{"href":"https:\/\/alainmontel.pro\/index.php\/wp-json\/wp\/v2\/media?parent=37"}],"curies":[{"name":"wp","href":"https:\/\/api.w.org\/{rel}","templated":true}]}}